{"id":29,"date":"2018-08-09T19:10:33","date_gmt":"2018-08-09T23:10:33","guid":{"rendered":"https:\/\/www.hostalrancaguacordillera.cl\/web\/?page_id=29"},"modified":"2026-04-14T16:40:23","modified_gmt":"2026-04-14T20:40:23","slug":"inicio","status":"publish","type":"page","link":"https:\/\/www.hostalrancaguacordillera.com\/web\/","title":{"rendered":"Inicio"},"content":{"rendered":"\t\t<div data-elementor-type=\"wp-post\" data-elementor-id=\"29\" class=\"elementor elementor-29\">\n\t\t\t\t\t\t<section class=\"elementor-section elementor-top-section elementor-element elementor-element-8b5018c elementor-section-boxed elementor-section-height-default elementor-section-height-default\" data-id=\"8b5018c\" data-element_type=\"section\" data-e-type=\"section\">\n\t\t\t\t\t\t<div class=\"elementor-container elementor-column-gap-default\">\n\t\t\t\t\t<div class=\"elementor-column elementor-col-100 elementor-top-column elementor-element elementor-element-8c0d733\" data-id=\"8c0d733\" data-element_type=\"column\" data-e-type=\"column\">\n\t\t\t<div class=\"elementor-widget-wrap\">\n\t\t\t\t\t\t\t<\/div>\n\t\t<\/div>\n\t\t\t\t\t<\/div>\n\t\t<\/section>\n\t\t\t\t<section class=\"elementor-section elementor-top-section elementor-element elementor-element-f9bd261 elementor-section-boxed elementor-section-height-default elementor-section-height-default\" data-id=\"f9bd261\" data-element_type=\"section\" data-e-type=\"section\">\n\t\t\t\t\t\t<div class=\"elementor-container elementor-column-gap-default\">\n\t\t\t\t\t<div class=\"elementor-column elementor-col-100 elementor-top-column elementor-element elementor-element-998e8c1\" data-id=\"998e8c1\" data-element_type=\"column\" data-e-type=\"column\" data-settings=\"{&quot;background_background&quot;:&quot;slideshow&quot;,&quot;background_slideshow_gallery&quot;:[],&quot;background_slideshow_loop&quot;:&quot;yes&quot;,&quot;background_slideshow_slide_duration&quot;:5000,&quot;background_slideshow_slide_transition&quot;:&quot;fade&quot;,&quot;background_slideshow_transition_duration&quot;:500}\">\n\t\t\t<div class=\"elementor-widget-wrap elementor-element-populated\">\n\t\t\t\t\t\t<div class=\"elementor-element elementor-element-f8f3c64 elementor-widget elementor-widget-text-editor\" data-id=\"f8f3c64\" data-element_type=\"widget\" data-e-type=\"widget\" data-widget_type=\"text-editor.default\">\n\t\t\t\t<div class=\"elementor-widget-container\">\n\t\t\t\t\t\t\t\t\t<h1><strong><em><span style=\"color: #e3e3e3;\">ATENCION 24 HORAS<\/span><\/em><\/strong><\/h1><h1><strong><em><span style=\"color: #e3e3e3;\">HABITACI\u00d3N SINGLE $ 35.000 ( 1 cama de dos plazas )<\/span><\/em><\/strong><br \/><strong><em><span style=\"color: #e3e3e3;\">HABITACI\u00d3N MATRIMONIAL $ 45.000( 1 cama dos plazas)<\/span><\/em><\/strong><br \/><strong><em><span style=\"color: #e3e3e3;\">HABITACI\u00d3N DOBLE $ 55.000 (1 cama de dos plazas + cama de plaza y media)<\/span><\/em><\/strong><br \/><strong><em><span style=\"color: #e3e3e3;\">HABITACI\u00d3N TRIPLE $ 70.000( 1 cama de dos plazas + 2 camas de plaza)<\/span><\/em><\/strong><br \/><strong><em><span style=\"color: #e3e3e3;\">HABITACI\u00d3N CUADR\u00daPLE $ 85.000 ( Con ventana a la calle )<\/span><\/em><\/strong><\/h1><h1><strong><em><u>HABITACIONES CLIMATIZADAS ADICIONAL $ 5000<\/u><\/em><\/strong><\/h1><ul><li><h1>SERVICIOS INCLUIDOS:<\/h1><\/li><li><h1>BA\u00d1O PRIVADO &#8211; TV CABLE &#8211; WIFI ( TRES SE\u00d1ALES)<\/h1><\/li><li><h1>TOALLAS &#8211; JABON- SHAMPOO<\/h1><\/li><li><h1>DESAYUNO: SANDWICH &#8211; JUGO, CAFE, DESAYUNOS EXTRAS $ 5.000<\/h1><\/li><li><h1>PASAJERO ADICIONAL $ 10.000\u00a0<\/h1><\/li><li><h1>MASCOTAS RAZA PEQUE\u00d1A $ 10.000 ADICIONAL<\/h1><\/li><li><h1><em><span style=\"color: #e3e3e3;\">SERVICIO DE ESTACIONAMIENTO<\/span><\/em><\/h1><\/li><\/ul><h1><strong><em><span style=\"text-decoration: underline;\"><span style=\"color: #e3e3e3; text-decoration: underline;\">RESERVAS<\/span><\/span><\/em><\/strong><br \/><strong><em><span style=\"color: #e3e3e3;\">Para reservar se requiere abono de 100% si la estad\u00eda es de 1 a 2 noches.<\/span><\/em><\/strong><br \/><strong><em><span style=\"color: #e3e3e3;\">50% abono de 3 o mas noches (Al llegar a Hostal, se debe cancelar la totalidad de estad\u00eda)<\/span><\/em><\/strong><\/h1><h1><strong><em>NOTA: NO SE REALIZA DEVOLUCION DE DINERO POR RESERVAS NO CONCRETADAS.<\/em><\/strong><\/h1><h1><strong><em>\u00a0<\/em><\/strong><\/h1><h1><strong><em><span style=\"text-decoration: underline; color: #e1e4e6;\">CONSULTAS Y RESERVAS:<\/span><\/em><\/strong><br \/><strong><em><span style=\"color: #e1e4e6;\">WHATSAPP +569 64963932<\/span><\/em><\/strong><br \/><strong><em><span style=\"color: #e1e4e6;\">Los esperamos \u00a1\u00a1\u00a1, RESERVE CON ANTICIPACION<\/span><\/em><\/strong><br \/><strong><em><span style=\"color: #e1e4e6;\">EL MEJOR HOSTAL EN CENTRO DE RANCAGUA<\/span><\/em><\/strong><\/h1><h1><strong><em><span style=\"color: #ffffff;\">\u00a0<\/span><\/em><em><span style=\"color: #e1e4e6;\">ENERG\u00cdA SUSTENTABLE, PENSANDO SIEMPRE EN EL MEDIO AMBIENTE. TERMOS SOLARES, AGUA CALIENTE 24 HORAS<\/span><\/em><\/strong><br \/><strong><em><span style=\"color: #e1e4e6;\">HABITACIONES CLIMATIZADAS\u00a0<\/span><\/em><\/strong><br \/><strong><em><span style=\"color: #e1e4e6;\">WIFI (1000 megas) BA\u00d1O PRIVADO \u2013 TV CABLE &#8211; DESAYUNO INCLUIDO<\/span><\/em><\/strong><\/h1><h1><strong><em><span style=\"color: #e1e4e6;\">SERVICIO DE LAVANDERIA<\/span><\/em><\/strong><\/h1><h1><strong><em><span style=\"color: #e1e4e6;\">CUSTODIA<br \/><\/span><span style=\"color: #e1e4e6;\">ESTACIONAMIENTO<\/span><\/em><\/strong><br \/><strong><em><span style=\"color: #e1e4e6;\">SIEMPRE LA MEJOR ATENCI\u00d3N EN CENTRO DE RANCAGUA\u00a1\u00a1\u00a1<\/span><\/em><\/strong><br \/><strong><em><span style=\"color: #e1e4e6;\">FACTURA ELECTR\u00d3NICA INMEDIATA.<\/span><\/em><\/strong><br \/><strong><em><span style=\"color: #e1e4e6;\">POR ESTADIAS SUPERIOR A 3 DIAS, CONSULTE DESCUENTO\u00a1\u00a1\u00a1<\/span><\/em><\/strong><br \/><strong><em><span style=\"color: #e1e4e6;\">HOSTAL RANCAGUA CORDILLERA<\/span><\/em><\/strong><br \/><strong><em><span style=\"color: #e1e4e6;\">ALMARZA N \u00b0 73, RANCAGUA CENTRO<\/span><\/em><\/strong><br \/><strong><em><span style=\"color: #e1e4e6;\">(FRENTE A REGISTRO CIVIL)<\/span><\/em><\/strong><\/h1><h1><strong><em><span style=\"color: #e1e4e6;\">ESTACIONAMIENTO PRIVADO<\/span><\/em><\/strong><br \/><strong><em><span style=\"color: #e1e4e6;\">Celular: +569 64963932<\/span><\/em><\/strong><br \/><strong><em><span style=\"color: #e1e4e6;\">FONO: 72 2757332<\/span><\/em><\/strong><br \/><strong><em><span style=\"color: #e1e4e6;\">hostalrc@gmail.com<\/span><\/em><\/strong><\/h1><h1><strong><em><span style=\"color: #e1e4e6;\">CONSULTAS 24 horas<\/span><\/em><\/strong><br \/><strong><em><span style=\"color: #e1e4e6;\">WhatsApp +569 64963932<\/span><\/em><\/strong><br \/><strong><em><span style=\"color: #e1e4e6;\">siguenos en facebook &#8211; Instagram<\/span><\/em><\/strong><br \/><strong><em><span style=\"color: #e1e4e6;\">hostal rancagua cordillera<\/span><\/em><\/strong><\/h1><h1><strong><em><span style=\"color: #e1e4e6;\">Marcamos la diferencia.<\/span><\/em><\/strong><br \/><strong><em><span style=\"color: #e1e4e6;\">HOSTAL RANCAGUA CORDILLERA<\/span><\/em><\/strong><br \/><strong><em><span style=\"color: #e1e4e6;\">Nos esmeramos cada d\u00eda, para brindar nuestros pasajeros, el mejor servicio, un descanso reparador, en ambiente familiar, disponemos de un amplio estacionamiento para su comodidad.<\/span><\/em><\/strong><br \/><strong><em><span style=\"color: #e1e4e6;\">TERMOS SOLARES, pensando siempre en\u00a0 el medio ambiente.<\/span><\/em><\/strong><\/h1><h1><strong><em><span style=\"color: #e1e4e6; font-size: 14px;\">Toallas ecol\u00f3gicas (desechables)<\/span><\/em><\/strong><\/h1><h1><strong><em><span style=\"color: #e1e4e6;\">Jabon \/ Shampoo<\/span><\/em><\/strong><\/h1><h1><strong><em><span style=\"color: #e1e4e6;\">Atenci\u00f3n 24 horas, C\u00f3modas habitaciones con ba\u00f1o privado,, Individual, dobles, triples, agua caliente 24 horas, TV cable, wifi (600 megas), computador, internet, veh\u00edculo de acercamiento.<\/span><\/em><\/strong><br \/><strong><em><span style=\"color: #e1e4e6;\">habitaciones climatizadas\u00a0<\/span><\/em><\/strong><br \/><strong><em><span style=\"color: #e1e4e6;\">Factura electr\u00f3nica inmediata.<\/span><\/em><\/strong><\/h1><h1><strong><em style=\"font-weight: normal;\">DATOS PARA RESERVAR: CUENTA CORRIENTE, BANCO DE CHILE, N\u00ba 2001244102, RUT: 76.394.232-5, NOMBRE: HOSTAL RANCAGUA CORDILLERA EIRL, EMAIL: hostalrc@gmail.com<\/em><\/strong><\/h1>\t\t\t\t\t\t\t\t<\/div>\n\t\t\t\t<\/div>\n\t\t\t\t<div class=\"elementor-element elementor-element-63ff3c0 elementor-pagination-position-inside elementor-arrows-position-inside elementor-invisible elementor-widget elementor-widget-image-carousel\" data-id=\"63ff3c0\" data-element_type=\"widget\" data-e-type=\"widget\" data-settings=\"{&quot;slides_to_show&quot;:&quot;1&quot;,&quot;autoplay_speed&quot;:2000,&quot;_animation&quot;:&quot;zoomIn&quot;,&quot;navigation&quot;:&quot;both&quot;,&quot;autoplay&quot;:&quot;yes&quot;,&quot;pause_on_hover&quot;:&quot;yes&quot;,&quot;pause_on_interaction&quot;:&quot;yes&quot;,&quot;infinite&quot;:&quot;yes&quot;,&quot;effect&quot;:&quot;slide&quot;,&quot;speed&quot;:500}\" data-widget_type=\"image-carousel.default\">\n\t\t\t\t<div class=\"elementor-widget-container\">\n\t\t\t\t\t\t\t<div class=\"elementor-image-carousel-wrapper swiper\" role=\"region\" aria-roledescription=\"carousel\" aria-label=\"Carrusel de im\u00e1genes\" dir=\"ltr\">\n\t\t\t<div class=\"elementor-image-carousel swiper-wrapper\" aria-live=\"off\">\n\t\t\t\t\t\t\t\t<div class=\"swiper-slide\" role=\"group\" aria-roledescription=\"slide\" aria-label=\"1 de 18\"><figure class=\"swiper-slide-inner\"><img decoding=\"async\" class=\"swiper-slide-image\" src=\"https:\/\/i0.wp.com\/www.hostalrancaguacordillera.com\/web\/wp-content\/uploads\/2020\/01\/FACHADA-NOCTURNA-1.jpg?fit=2048%2C1536&amp;ssl=1\" alt=\"FACHADA NOCTURNA\" \/><\/figure><\/div><div class=\"swiper-slide\" role=\"group\" aria-roledescription=\"slide\" aria-label=\"2 de 18\"><figure class=\"swiper-slide-inner\"><img decoding=\"async\" class=\"swiper-slide-image\" src=\"https:\/\/i0.wp.com\/www.hostalrancaguacordillera.com\/web\/wp-content\/uploads\/2018\/08\/02-fachada.jpg?fit=800%2C600&amp;ssl=1\" alt=\"02 fachada\" \/><\/figure><\/div><div class=\"swiper-slide\" role=\"group\" aria-roledescription=\"slide\" aria-label=\"3 de 18\"><figure class=\"swiper-slide-inner\"><img decoding=\"async\" class=\"swiper-slide-image\" src=\"https:\/\/i0.wp.com\/www.hostalrancaguacordillera.com\/web\/wp-content\/uploads\/2018\/12\/IMG_4644-1.jpeg?fit=2048%2C1536&amp;ssl=1\" alt=\"IMG_4644\" \/><\/figure><\/div><div class=\"swiper-slide\" role=\"group\" aria-roledescription=\"slide\" aria-label=\"4 de 18\"><figure class=\"swiper-slide-inner\"><img decoding=\"async\" class=\"swiper-slide-image\" src=\"https:\/\/i0.wp.com\/www.hostalrancaguacordillera.com\/web\/wp-content\/uploads\/2020\/11\/IMG_9032-2.jpg?fit=850%2C361&amp;ssl=1\" alt=\"IMG_9032\" \/><\/figure><\/div><div class=\"swiper-slide\" role=\"group\" aria-roledescription=\"slide\" aria-label=\"5 de 18\"><figure class=\"swiper-slide-inner\"><img decoding=\"async\" class=\"swiper-slide-image\" src=\"https:\/\/i0.wp.com\/www.hostalrancaguacordillera.com\/web\/wp-content\/uploads\/2020\/11\/IMG_9047-2.jpg?fit=850%2C637&amp;ssl=1\" alt=\"IMG_9047\" \/><\/figure><\/div><div class=\"swiper-slide\" role=\"group\" aria-roledescription=\"slide\" aria-label=\"6 de 18\"><figure class=\"swiper-slide-inner\"><img decoding=\"async\" class=\"swiper-slide-image\" src=\"https:\/\/i0.wp.com\/www.hostalrancaguacordillera.com\/web\/wp-content\/uploads\/2020\/01\/PIEZA-2.jpg?fit=2048%2C1536&amp;ssl=1\" alt=\"PIEZA 2\" \/><\/figure><\/div><div class=\"swiper-slide\" role=\"group\" aria-roledescription=\"slide\" aria-label=\"7 de 18\"><figure class=\"swiper-slide-inner\"><img decoding=\"async\" class=\"swiper-slide-image\" src=\"https:\/\/i0.wp.com\/www.hostalrancaguacordillera.com\/web\/wp-content\/uploads\/2019\/03\/HAB-DOBLE.jpg?fit=5184%2C3456&amp;ssl=1\" alt=\"HAB DOBLE\" \/><\/figure><\/div><div class=\"swiper-slide\" role=\"group\" aria-roledescription=\"slide\" aria-label=\"8 de 18\"><figure class=\"swiper-slide-inner\"><img decoding=\"async\" class=\"swiper-slide-image\" src=\"https:\/\/i0.wp.com\/www.hostalrancaguacordillera.com\/web\/wp-content\/uploads\/2018\/08\/05.jpg?fit=800%2C600&amp;ssl=1\" alt=\"05\" \/><\/figure><\/div><div class=\"swiper-slide\" role=\"group\" aria-roledescription=\"slide\" aria-label=\"9 de 18\"><figure class=\"swiper-slide-inner\"><img decoding=\"async\" class=\"swiper-slide-image\" src=\"https:\/\/i0.wp.com\/www.hostalrancaguacordillera.com\/web\/wp-content\/uploads\/2018\/08\/20131109_193715.jpg?fit=600%2C800&amp;ssl=1\" alt=\"20131109_193715\" \/><\/figure><\/div><div class=\"swiper-slide\" role=\"group\" aria-roledescription=\"slide\" aria-label=\"10 de 18\"><figure class=\"swiper-slide-inner\"><img decoding=\"async\" class=\"swiper-slide-image\" src=\"https:\/\/i0.wp.com\/www.hostalrancaguacordillera.com\/web\/wp-content\/uploads\/2018\/08\/2.jpg?fit=600%2C800&amp;ssl=1\" alt=\"2\" \/><\/figure><\/div><div class=\"swiper-slide\" role=\"group\" aria-roledescription=\"slide\" aria-label=\"11 de 18\"><figure class=\"swiper-slide-inner\"><img decoding=\"async\" class=\"swiper-slide-image\" src=\"https:\/\/i0.wp.com\/www.hostalrancaguacordillera.com\/web\/wp-content\/uploads\/2020\/01\/RECEPCION-2-RANCAGUA.jpg?fit=1701%2C1276&amp;ssl=1\" alt=\"RECEPCION 2 RANCAGUA\" \/><\/figure><\/div><div class=\"swiper-slide\" role=\"group\" aria-roledescription=\"slide\" aria-label=\"12 de 18\"><figure class=\"swiper-slide-inner\"><img decoding=\"async\" class=\"swiper-slide-image\" src=\"https:\/\/i0.wp.com\/www.hostalrancaguacordillera.com\/web\/wp-content\/uploads\/2020\/01\/PIEZA-6.jpg?fit=2268%2C1701&amp;ssl=1\" alt=\"PIEZA 6\" \/><\/figure><\/div><div class=\"swiper-slide\" role=\"group\" aria-roledescription=\"slide\" aria-label=\"13 de 18\"><figure class=\"swiper-slide-inner\"><img decoding=\"async\" class=\"swiper-slide-image\" src=\"https:\/\/i0.wp.com\/www.hostalrancaguacordillera.com\/web\/wp-content\/uploads\/2020\/01\/PIEZA-3.jpg?fit=1417%2C1890&amp;ssl=1\" alt=\"PIEZA 3\" \/><\/figure><\/div><div class=\"swiper-slide\" role=\"group\" aria-roledescription=\"slide\" aria-label=\"14 de 18\"><figure class=\"swiper-slide-inner\"><img decoding=\"async\" class=\"swiper-slide-image\" src=\"https:\/\/i0.wp.com\/www.hostalrancaguacordillera.com\/web\/wp-content\/uploads\/2020\/11\/IMG_9051-copia.jpg?fit=850%2C587&amp;ssl=1\" alt=\"IMG_9051 copia\" \/><\/figure><\/div><div class=\"swiper-slide\" role=\"group\" aria-roledescription=\"slide\" aria-label=\"15 de 18\"><figure class=\"swiper-slide-inner\"><img decoding=\"async\" class=\"swiper-slide-image\" src=\"https:\/\/i0.wp.com\/www.hostalrancaguacordillera.com\/web\/wp-content\/uploads\/2020\/11\/IMG_9034-copia.jpg?fit=850%2C638&amp;ssl=1\" alt=\"IMG_9034-copia\" \/><\/figure><\/div><div class=\"swiper-slide\" role=\"group\" aria-roledescription=\"slide\" aria-label=\"16 de 18\"><figure class=\"swiper-slide-inner\"><img decoding=\"async\" class=\"swiper-slide-image\" src=\"https:\/\/i0.wp.com\/www.hostalrancaguacordillera.com\/web\/wp-content\/uploads\/2020\/11\/IMG_9047-1.jpg?fit=850%2C637&amp;ssl=1\" alt=\"IMG_9047-1\" \/><\/figure><\/div><div class=\"swiper-slide\" role=\"group\" aria-roledescription=\"slide\" aria-label=\"17 de 18\"><figure class=\"swiper-slide-inner\"><img decoding=\"async\" class=\"swiper-slide-image\" src=\"https:\/\/i0.wp.com\/www.hostalrancaguacordillera.com\/web\/wp-content\/uploads\/2020\/11\/DOBLE.jpg?fit=1134%2C850&amp;ssl=1\" alt=\"DOBLE\" \/><\/figure><\/div><div class=\"swiper-slide\" role=\"group\" aria-roledescription=\"slide\" aria-label=\"18 de 18\"><figure class=\"swiper-slide-inner\"><img decoding=\"async\" class=\"swiper-slide-image\" src=\"https:\/\/i0.wp.com\/www.hostalrancaguacordillera.com\/web\/wp-content\/uploads\/2020\/11\/DOBLE-DOS.jpg?fit=1134%2C850&amp;ssl=1\" alt=\"DOBLE DOS\" \/><\/figure><\/div>\t\t\t<\/div>\n\t\t\t\t\t\t\t\t\t\t\t\t<div class=\"elementor-swiper-button elementor-swiper-button-prev\" role=\"button\" tabindex=\"0\">\n\t\t\t\t\t\t<i aria-hidden=\"true\" class=\"eicon-chevron-left\"><\/i>\t\t\t\t\t<\/div>\n\t\t\t\t\t<div class=\"elementor-swiper-button elementor-swiper-button-next\" role=\"button\" tabindex=\"0\">\n\t\t\t\t\t\t<i aria-hidden=\"true\" class=\"eicon-chevron-right\"><\/i>\t\t\t\t\t<\/div>\n\t\t\t\t\n\t\t\t\t\t\t\t\t\t<div class=\"swiper-pagination\"><\/div>\n\t\t\t\t\t\t\t\t\t<\/div>\n\t\t\t\t\t\t<\/div>\n\t\t\t\t<\/div>\n\t\t\t\t<div class=\"elementor-element elementor-element-ef2e590 elementor-absolute elementor-widget elementor-widget-image\" data-id=\"ef2e590\" data-element_type=\"widget\" data-e-type=\"widget\" data-settings=\"{&quot;_position&quot;:&quot;absolute&quot;}\" data-widget_type=\"image.default\">\n\t\t\t\t<div class=\"elementor-widget-container\">\n\t\t\t\t\t\t\t\t\t\t\t\t\t\t\t<img fetchpriority=\"high\" decoding=\"async\" width=\"496\" height=\"102\" src=\"https:\/\/i0.wp.com\/www.hostalrancaguacordillera.com\/web\/wp-content\/uploads\/2020\/07\/visa.png?fit=496%2C102&amp;ssl=1\" class=\"attachment-medium_large size-medium_large wp-image-278\" alt=\"\" srcset=\"https:\/\/i0.wp.com\/www.hostalrancaguacordillera.com\/web\/wp-content\/uploads\/2020\/07\/visa.png?w=496&amp;ssl=1 496w, https:\/\/i0.wp.com\/www.hostalrancaguacordillera.com\/web\/wp-content\/uploads\/2020\/07\/visa.png?resize=300%2C62&amp;ssl=1 300w\" sizes=\"(max-width: 496px) 100vw, 496px\" \/>\t\t\t\t\t\t\t\t\t\t\t\t\t\t\t<\/div>\n\t\t\t\t<\/div>\n\t\t\t\t\t<\/div>\n\t\t<\/div>\n\t\t\t\t\t<\/div>\n\t\t<\/section>\n\t\t\t\t<section class=\"elementor-section elementor-top-section elementor-element elementor-element-9a20e54 elementor-section-boxed elementor-section-height-default elementor-section-height-default\" data-id=\"9a20e54\" data-element_type=\"section\" data-e-type=\"section\">\n\t\t\t\t\t\t<div class=\"elementor-container elementor-column-gap-default\">\n\t\t\t\t\t<div class=\"elementor-column elementor-col-100 elementor-top-column elementor-element elementor-element-3ad7ba7\" data-id=\"3ad7ba7\" data-element_type=\"column\" data-e-type=\"column\">\n\t\t\t<div class=\"elementor-widget-wrap\">\n\t\t\t\t\t\t\t<\/div>\n\t\t<\/div>\n\t\t\t\t\t<\/div>\n\t\t<\/section>\n\t\t\t\t<section class=\"elementor-section elementor-top-section elementor-element elementor-element-2e332cf elementor-section-boxed elementor-section-height-default elementor-section-height-default\" data-id=\"2e332cf\" data-element_type=\"section\" data-e-type=\"section\">\n\t\t\t\t\t\t<div class=\"elementor-container elementor-column-gap-default\">\n\t\t\t\t\t<div class=\"elementor-column elementor-col-50 elementor-top-column elementor-element elementor-element-419d7e9\" data-id=\"419d7e9\" data-element_type=\"column\" data-e-type=\"column\">\n\t\t\t<div class=\"elementor-widget-wrap\">\n\t\t\t\t\t\t\t<\/div>\n\t\t<\/div>\n\t\t\t\t<div class=\"elementor-column elementor-col-50 elementor-top-column elementor-element elementor-element-f27d5d3\" data-id=\"f27d5d3\" data-element_type=\"column\" data-e-type=\"column\">\n\t\t\t<div class=\"elementor-widget-wrap\">\n\t\t\t\t\t\t\t<\/div>\n\t\t<\/div>\n\t\t\t\t\t<\/div>\n\t\t<\/section>\n\t\t\t\t<\/div>\n\t\t","protected":false},"excerpt":{"rendered":"<p>ATENCION 24 HORAS HABITACI\u00d3N SINGLE $ 35.000 ( 1 cama de dos plazas )HABITACI\u00d3N MATRIMONIAL $ 45.000( 1 cama dos plazas)HABITACI\u00d3N DOBLE $ 55.000 (1 cama de dos plazas + cama de plaza y media)HABITACI\u00d3N TRIPLE $ 70.000( 1 cama de dos plazas + 2 camas de plaza)HABITACI\u00d3N CUADR\u00daPLE $ 85.000 ( Con ventana a [&hellip;]<\/p>\n","protected":false},"author":1,"featured_media":0,"parent":0,"menu_order":0,"comment_status":"closed","ping_status":"closed","template":"","meta":{"ocean_post_layout":"","ocean_both_sidebars_style":"","ocean_both_sidebars_content_width":0,"ocean_both_sidebars_sidebars_width":0,"ocean_sidebar":"0","ocean_second_sidebar":"0","ocean_disable_margins":"enable","ocean_add_body_class":"","ocean_shortcode_before_top_bar":"","ocean_shortcode_after_top_bar":"","ocean_shortcode_before_header":"","ocean_shortcode_after_header":"","ocean_has_shortcode":"","ocean_shortcode_after_title":"","ocean_shortcode_before_footer_widgets":"","ocean_shortcode_after_footer_widgets":"","ocean_shortcode_before_footer_bottom":"","ocean_shortcode_after_footer_bottom":"","ocean_display_top_bar":"default","ocean_display_header":"default","ocean_header_style":"","ocean_center_header_left_menu":"0","ocean_custom_header_template":"0","ocean_custom_logo":0,"ocean_custom_retina_logo":0,"ocean_custom_logo_max_width":0,"ocean_custom_logo_tablet_max_width":0,"ocean_custom_logo_mobile_max_width":0,"ocean_custom_logo_max_height":0,"ocean_custom_logo_tablet_max_height":0,"ocean_custom_logo_mobile_max_height":0,"ocean_header_custom_menu":"0","ocean_menu_typo_font_family":"0","ocean_menu_typo_font_subset":"","ocean_menu_typo_font_size":0,"ocean_menu_typo_font_size_tablet":0,"ocean_menu_typo_font_size_mobile":0,"ocean_menu_typo_font_size_unit":"px","ocean_menu_typo_font_weight":"","ocean_menu_typo_font_weight_tablet":"","ocean_menu_typo_font_weight_mobile":"","ocean_menu_typo_transform":"","ocean_menu_typo_transform_tablet":"","ocean_menu_typo_transform_mobile":"","ocean_menu_typo_line_height":0,"ocean_menu_typo_line_height_tablet":0,"ocean_menu_typo_line_height_mobile":0,"ocean_menu_typo_line_height_unit":"","ocean_menu_typo_spacing":0,"ocean_menu_typo_spacing_tablet":0,"ocean_menu_typo_spacing_mobile":0,"ocean_menu_typo_spacing_unit":"","ocean_menu_link_color":"","ocean_menu_link_color_hover":"","ocean_menu_link_color_active":"","ocean_menu_link_background":"","ocean_menu_link_hover_background":"","ocean_menu_link_active_background":"","ocean_menu_social_links_bg":"","ocean_menu_social_hover_links_bg":"","ocean_menu_social_links_color":"","ocean_menu_social_hover_links_color":"","ocean_disable_title":"default","ocean_disable_heading":"default","ocean_post_title":"","ocean_post_subheading":"","ocean_post_title_style":"","ocean_post_title_background_color":"","ocean_post_title_background":0,"ocean_post_title_bg_image_position":"","ocean_post_title_bg_image_attachment":"","ocean_post_title_bg_image_repeat":"","ocean_post_title_bg_image_size":"","ocean_post_title_height":0,"ocean_post_title_bg_overlay":0.5,"ocean_post_title_bg_overlay_color":"","ocean_disable_breadcrumbs":"default","ocean_breadcrumbs_color":"","ocean_breadcrumbs_separator_color":"","ocean_breadcrumbs_links_color":"","ocean_breadcrumbs_links_hover_color":"","ocean_display_footer_widgets":"default","ocean_display_footer_bottom":"default","ocean_custom_footer_template":"0","jetpack_post_was_ever_published":false,"footnotes":""},"class_list":["post-29","page","type-page","status-publish","hentry","entry"],"jetpack_sharing_enabled":true,"jetpack_shortlink":"https:\/\/wp.me\/Paa9hz-t","jetpack-related-posts":[],"_links":{"self":[{"href":"https:\/\/www.hostalrancaguacordillera.com\/web\/wp-json\/wp\/v2\/pages\/29","targetHints":{"allow":["GET"]}}],"collection":[{"href":"https:\/\/www.hostalrancaguacordillera.com\/web\/wp-json\/wp\/v2\/pages"}],"about":[{"href":"https:\/\/www.hostalrancaguacordillera.com\/web\/wp-json\/wp\/v2\/types\/page"}],"author":[{"embeddable":true,"href":"https:\/\/www.hostalrancaguacordillera.com\/web\/wp-json\/wp\/v2\/users\/1"}],"replies":[{"embeddable":true,"href":"https:\/\/www.hostalrancaguacordillera.com\/web\/wp-json\/wp\/v2\/comments?post=29"}],"version-history":[{"count":139,"href":"https:\/\/www.hostalrancaguacordillera.com\/web\/wp-json\/wp\/v2\/pages\/29\/revisions"}],"predecessor-version":[{"id":574,"href":"https:\/\/www.hostalrancaguacordillera.com\/web\/wp-json\/wp\/v2\/pages\/29\/revisions\/574"}],"wp:attachment":[{"href":"https:\/\/www.hostalrancaguacordillera.com\/web\/wp-json\/wp\/v2\/media?parent=29"}],"curies":[{"name":"wp","href":"https:\/\/api.w.org\/{rel}","templated":true}]}}