{"id":36,"date":"2018-08-09T19:12:19","date_gmt":"2018-08-09T23:12:19","guid":{"rendered":"https:\/\/www.hostalrancaguacordillera.cl\/web\/?page_id=36"},"modified":"2023-03-06T11:29:44","modified_gmt":"2023-03-06T15:29:44","slug":"tarifas","status":"publish","type":"page","link":"https:\/\/www.hostalrancaguacordillera.com\/web\/tarifas\/","title":{"rendered":"Tarifas"},"content":{"rendered":"\t\t<div data-elementor-type=\"wp-post\" data-elementor-id=\"36\" class=\"elementor elementor-36\">\n\t\t\t\t\t\t<section class=\"elementor-section elementor-top-section elementor-element elementor-element-51e13ee elementor-section-boxed elementor-section-height-default elementor-section-height-default\" data-id=\"51e13ee\" data-element_type=\"section\" data-e-type=\"section\">\n\t\t\t\t\t\t<div class=\"elementor-container elementor-column-gap-default\">\n\t\t\t\t\t<div class=\"elementor-column elementor-col-100 elementor-top-column elementor-element elementor-element-ade4fe5\" data-id=\"ade4fe5\" data-element_type=\"column\" data-e-type=\"column\">\n\t\t\t<div class=\"elementor-widget-wrap elementor-element-populated\">\n\t\t\t\t\t\t<section class=\"elementor-section elementor-inner-section elementor-element elementor-element-7289c83 elementor-section-boxed elementor-section-height-default elementor-section-height-default\" data-id=\"7289c83\" data-element_type=\"section\" data-e-type=\"section\">\n\t\t\t\t\t\t<div class=\"elementor-container elementor-column-gap-default\">\n\t\t\t\t\t<div class=\"elementor-column elementor-col-50 elementor-inner-column elementor-element elementor-element-5063856\" data-id=\"5063856\" data-element_type=\"column\" data-e-type=\"column\">\n\t\t\t<div class=\"elementor-widget-wrap elementor-element-populated\">\n\t\t\t\t\t\t<div class=\"elementor-element elementor-element-d2c3bd9 elementor-invisible elementor-widget elementor-widget-text-editor\" data-id=\"d2c3bd9\" data-element_type=\"widget\" data-e-type=\"widget\" data-settings=\"{&quot;_animation&quot;:&quot;fadeIn&quot;}\" data-widget_type=\"text-editor.default\">\n\t\t\t\t<div class=\"elementor-widget-container\">\n\t\t\t\t\t\t\t\t\t<h2><em><span style=\"color: #e3e3e3;\">ATENCION<\/span><\/em><strong><em><span style=\"color: #e3e3e3;\"> 24 HORAS<\/span><\/em><\/strong><\/h2><h1><strong><span style=\"color: #e3e3e3;\">HABITACI\u00d3N SINGLE $ 35.000 ( 1 cama de dos plazas )<\/span><\/strong><br \/><strong><span style=\"color: #e3e3e3;\">HABITACI\u00d3N MATRIMONIAL $ 45.000 ( 1 cama dos plazas)<\/span><\/strong><br \/><strong><span style=\"color: #e3e3e3;\">HABITACI\u00d3N DOBLE $ 55.000(1 cama de dos plazas + cama de plaza y media)<\/span><\/strong><br \/><strong><span style=\"color: #e3e3e3;\">HABITACI\u00d3N TRIPLE $ 70.000 ( 1 cama de dos plazas + 2 camas de plaza)\u00a0<\/span><\/strong><\/h1><h1><strong><span style=\"color: #e3e3e3;\"> CUADR\u00daPLE (4 CAMAS ) $ 85.000 <\/span><\/strong><\/h1><h1><strong><span style=\"color: #e3e3e3;\">PASAJERO ADICIONAL $ 10.000<\/span><\/strong><\/h1><h1>\u00a0<\/h1><h1><strong>TODOS NUESTROS VALORES INCLUYEN IMPUESTOS<\/strong><\/h1><h1><strong>Habitaciones Climatizadas y con calefacci\u00f3n $ SERVICIOS INCLUIDOS:<\/strong><\/h1><h1><strong>BA\u00d1O PRIVADO &#8211; TV CABLE &#8211; WIFI ( TRES SE\u00d1ALES)<\/strong><\/h1><h1><strong>TOALLAS &#8211; JABON- SHAMPOO<\/strong><\/h1><h1><strong>DESAYUNO: SANDWICH &#8211; JUGO, CAFE- TE<\/strong><\/h1><h1><strong>MASCOTAS RAZA PEQUE\u00d1A $ 10.000 ADICIONAL<\/strong><\/h1><h1><strong><span style=\"color: #e3e3e3;\">AMPLIO ESTACIONAMIENTO ( TODO TIPO DE VEH\u00cdCULOS)<\/span><\/strong><\/h1><h1><strong><span style=\"text-decoration: underline;\"><span style=\"color: #e3e3e3; text-decoration: underline;\">RESERVAS<\/span><\/span><\/strong><br \/><strong><span style=\"color: #e3e3e3;\">Para reservar se requiere abono de 100% si la estad\u00eda es de 1 a 2 noches.<\/span><\/strong><br \/><strong><span style=\"color: #e3e3e3;\">50% abono de 3 o mas noches (Al llegar a Hostal, se debe cancelar la totalidad de estad\u00eda)<\/span><\/strong><\/h1><h1><strong>NOTA: NO SE REALIZA DEVOLUCION DE DINERO POR RESERVAS NO CONCRETADAS.<\/strong><\/h1><h1><strong><span style=\"text-decoration: underline;\"><span style=\"color: #e3e3e3; text-decoration: underline;\">RESERVAS:<\/span><\/span><\/strong><br \/><strong><span style=\"text-decoration: underline;\"><span style=\"color: #e3e3e3; text-decoration: underline;\">TRANSFERIR O DEPOSITAR<\/span><\/span><\/strong><\/h1><h1><strong><span style=\"color: #e3e3e3;\">BANCO DE CHILE<\/span><\/strong><br \/><strong><span style=\"color: #e3e3e3;\">Cuenta Corriente N\u00ba 2001244102<\/span><\/strong><br \/><strong><span style=\"color: #e3e3e3;\">HOSTAL RANCAGUA CORDILLERA EIRL.<\/span><\/strong><br \/><strong><span style=\"color: #e3e3e3;\">R.U.T.: 76.394.232-5 &#8211;<\/span><\/strong><\/h1><h1><strong><span style=\"color: #e3e3e3;\"> CTA RUT BANCO ESTADO N\u00ba 9.006.397-9 GONZALO LIRA HOARE<\/span><\/strong><br \/><strong><span style=\"color: #e3e3e3;\">Email: hostalrc@gmail.com<\/span><\/strong><br \/><strong><span style=\"color: #e3e3e3;\">Enviar email con el comprobante (importante para confirmar reserva, nombre de pasajero y fecha de la misma)<\/span><\/strong><\/h1><h1><strong><span style=\"text-decoration: underline;\"><span style=\"color: #e3e3e3; text-decoration: underline;\">Desde el Extranjero ( WESTERN UNION)<\/span><\/span><\/strong><br \/><strong><span style=\"color: #e3e3e3;\">Giro a nombre de Gonzalo Lira Hoare<\/span><\/strong><br \/><strong><span style=\"color: #e3e3e3;\">R.U.T.: 9.006.397-9<\/span><\/strong><br \/><strong><span style=\"color: #e3e3e3;\">Aceptamos todas las\u00a0 tarjetas de cr\u00e9dito.29.750<\/span><\/strong><\/h1>\t\t\t\t\t\t\t\t<\/div>\n\t\t\t\t<\/div>\n\t\t\t\t\t<\/div>\n\t\t<\/div>\n\t\t\t\t<div class=\"elementor-column elementor-col-50 elementor-inner-column elementor-element elementor-element-9150403\" data-id=\"9150403\" data-element_type=\"column\" data-e-type=\"column\">\n\t\t\t<div class=\"elementor-widget-wrap elementor-element-populated\">\n\t\t\t\t\t\t<div class=\"elementor-element elementor-element-a4fd459 elementor-widget elementor-widget-text-editor\" data-id=\"a4fd459\" data-element_type=\"widget\" data-e-type=\"widget\" data-widget_type=\"text-editor.default\">\n\t\t\t\t<div class=\"elementor-widget-container\">\n\t\t\t\t\t\t\t\t\t<p style=\"text-align: center;\"> <div id=\"form_id218522102334\" class=\"wpbc_container wpbc_form wpbc_container_booking_form \" ><form id=\"booking_form1\" class=\"booking_form vertical\" method=\"post\" action=\"\"><div id=\"ajax_respond_insert1\" class=\"ajax_respond_insert\" style=\"display:none;\"><\/div><a name=\"bklnk1\" id=\"bklnk1\"><\/a><div id=\"booking_form_div1\" class=\"booking_form_div\"><style type=\"text\/css\">.wpbc_container_booking_form .block_hints, .wpbc_booking_form_simple.wpbc_form_center .wpbc__form__div .wpbc__row.wpbc_r_calendar, .wpbc_booking_form_simple .wpbc__form__div .wpbc__row:not(.wpbc_r_calendar){max-width:440px;} <\/style>\n<div class=\"wpbc_booking_form_simple \">\n<div class=\"wpbc__form__div\">\n\t\t\t<div class=\"wpbc_r_calendar wpbc__row\">\n\t\t\t\t<div class=\"wpbc_r_calendar wpbc__field\"> <label><\/label><br><div class=\"wpbc_calendar_wraper wpbc_change_over_triangle wpbc_calendar_skin_legacy\"><div class=\"wpbc_cal_container bk_calendar_frame wpbc_no_custom_width  months_num_in_row_ cal_month_num_1 wpbc_timeslot_day_bg_as_available\" style=\"\"><div id=\"calendar_booking1\"  class=\"wpbc_calendar_id_1\" >\t<div class=\"calendar_loader_frame calendar_loader_frame1\"\r\n\t\tdata-wpbc-rid=\"1\"\r\n\t\tdata-wpbc-grace=\"8000\"\r\n\t\tstyle=\"--wpbc-loader-cols: 1;\"\r\n\t>\r\n\t\t<div class=\"calendar_loader_text\">Cargando&#8230;<\/div>\r\n\t\t<div class=\"calendar_loader_frame__progress_line_container\">\r\n\t\t\t<div class=\"calendar_loader_frame__progress_line\"><\/div>\r\n\t\t<\/div>\r\n\t<\/div>\r\n\t<\/div><\/div><div style=\"font-size:7px;text-align:left;margin:0 0 10px;text-shadow: none;\">Powered by <a href=\"https:\/\/wpbookingcalendar.com\" style=\"font-size:7px;\" target=\"_blank\" title=\"Booking Calendar plugin for WordPress\">Booking Calendar<\/a><\/div><textarea id=\"date_booking1\" name=\"date_booking1\" autocomplete=\"off\" style=\"display:none;\"><\/textarea><\/div> <\/div>\n\t\t\t<\/div>\n\t\t\t<div class=\"wpbc__row\">\n\t\t\t\t<div class=\"wpbc_r_name wpbc__field\"> <label>Nombre*<\/label><br><span class=\"wpbc_wrap_text wpdev-form-control-wrap name1\"><input type=\"text\" name=\"name1\" value=\"\" autocomplete=\"name\" class=\"wpdev-validates-as-required\" size=\"40\" \/><\/span> <\/div>\n\t\t\t<\/div>\n\t\t\t<div class=\"wpbc__row\">\n\t\t\t\t<div class=\"wpbc_r_secondname wpbc__field\"> <label>Apellidos*<\/label><br><span class=\"wpbc_wrap_text wpdev-form-control-wrap secondname1\"><input type=\"text\" name=\"secondname1\" value=\"\" autocomplete=\"secondname\" class=\"wpdev-validates-as-required\" size=\"40\" \/><\/span> <\/div>\n\t\t\t<\/div>\n\t\t\t<div class=\"wpbc__row\">\n\t\t\t\t<div class=\"wpbc_r_habitaciones wpbc__field\"> <label>Habitaciones<\/label><br><span class=\"wpbc_wrap_select wpdev-form-control-wrap habitaciones1\"><select onchange=\"javascript:if(typeof( wpbc_show_cost_hints_after_few_seconds )=='function'){wpbc_show_cost_hints_after_few_seconds(1);}\" name=\"habitaciones1\" autocomplete=\"habitaciones\"><option value=\"Single\">Single<\/option><option value=\"Doble\">Doble<\/option><option value=\"Matrimonial\">Matrimonial<\/option><option value=\"Triple\">Triple<\/option><option value=\"Familiar\">Familiar<\/option><option value=\"Especial\">Especial<\/option><\/select><\/span> <\/div>\n\t\t\t<\/div>\n\t\t\t<div class=\"wpbc__row\">\n\t\t\t\t<div class=\"wpbc_r_email wpbc__field\"> <label>Email*<\/label><br><span class=\"wpbc_wrap_text wpdev-form-control-wrap email1\"><input type=\"email\" name=\"email1\" value=\"\" autocomplete=\"email\" class=\"wpdev-validates-as-email wpdev-validates-as-required\" size=\"40\" \/><\/span> <\/div>\n\t\t\t<\/div>\n\t\t\t<div class=\"wpbc__row\">\n\t\t\t\t<div class=\"wpbc_r_phone wpbc__field\"> <label>Telefono<\/label><br><span class=\"wpbc_wrap_text wpdev-form-control-wrap phone1\"><input type=\"text\" name=\"phone1\" value=\"\" autocomplete=\"phone\" size=\"40\" \/><\/span> <\/div>\n\t\t\t<\/div>\n\t\t\t<div class=\"wpbc__row\">\n\t\t\t\t<div class=\"wpbc_r_details wpbc__field\"> <label>Comentarios<\/label><br><span class=\"wpbc_wrap_textarea wpdev-form-control-wrap details1\"><textarea name=\"details1\" autocomplete=\"details\"><\/textarea><\/span> <\/div>\n\t\t\t<\/div>\n\t\t\t<div class=\"wpbc__row\">\n\t\t\t\t<div class=\"wpbc_r_captcha wpbc__field\"> <label><\/label><br><span class=\"wpbc_text_captcha_container wpdev-form-control-wrap \"><input  autocomplete=\"off\" type=\"hidden\" name=\"wpdev_captcha_challenge_1\"  id=\"wpdev_captcha_challenge_1\" value=\"3697193881\" \/><input  autocomplete=\"off\" type=\"text\" class=\"captachinput\" value=\"\" name=\"captcha_input1\" id=\"captcha_input1\" \/><img decoding=\"async\" data-recalc-dims=\"1\" class=\"captcha_img\"  id=\"captcha_img1\" alt=\"To show CAPTCHA, please deactivate cache plugin or exclude this page from caching or disable CAPTCHA at WP Booking Calendar - Settings General page in Form Options section.\" src=\"https:\/\/i0.wp.com\/www.hostalrancaguacordillera.com\/web\/wp-content\/plugins\/booking\/js\/captcha\/tmp\/3697193881.png?w=1200&#038;ssl=1\" \/><\/span> <\/div>\n\t\t\t<\/div>\n\t\t\t<div class=\"wpbc__row\">\n\t\t\t\t<div class=\"wpbc_r_submit wpbc__field\"><input type=\"button\" value=\"Enviar\" class=\"wpbc_button_light  btn btn\" onclick=\"wpbc_booking_form_submit(this.form,1, 'es_ES');\" \/> <\/div>\n\t\t\t<\/div>\n<\/div>\n<\/div><input id=\"bk_type1\" name=\"bk_type1\" class=\"\" type=\"hidden\" value=\"1\" \/><\/div><div id=\"submiting1\"><\/div><div class=\"form_bk_messages\" id=\"form_bk_messages1\" ><\/div><input type=\"hidden\" id=\"wpbc_nonceCALCULATE_THE_COST1\" name=\"wpbc_nonceCALCULATE_THE_COST1\" value=\"40501fc777\" \/><input type=\"hidden\" name=\"_wp_http_referer\" value=\"\/web\/wp-json\/wp\/v2\/pages\/36\" \/><\/form><\/div><div id=\"booking_form_garbage1\" class=\"booking_form_garbage\"><\/div> <\/p>\t\t\t\t\t\t\t\t<\/div>\n\t\t\t\t<\/div>\n\t\t\t\t\t<\/div>\n\t\t<\/div>\n\t\t\t\t\t<\/div>\n\t\t<\/section>\n\t\t\t\t\t<\/div>\n\t\t<\/div>\n\t\t\t\t\t<\/div>\n\t\t<\/section>\n\t\t\t\t<\/div>\n\t\t","protected":false},"excerpt":{"rendered":"<p>ATENCION 24 HORAS HABITACI\u00d3N SINGLE $ 35.000 ( 1 cama de dos plazas )HABITACI\u00d3N MATRIMONIAL $ 45.000 ( 1 cama dos plazas)HABITACI\u00d3N DOBLE $ 55.000(1 cama de dos plazas + cama de plaza y media)HABITACI\u00d3N TRIPLE $ 70.000 ( 1 cama de dos plazas + 2 camas de plaza)\u00a0 CUADR\u00daPLE (4 CAMAS ) $ 85.000 [&hellip;]<\/p>\n","protected":false},"author":1,"featured_media":0,"parent":0,"menu_order":0,"comment_status":"closed","ping_status":"closed","template":"","meta":{"ocean_post_layout":"","ocean_both_sidebars_style":"","ocean_both_sidebars_content_width":0,"ocean_both_sidebars_sidebars_width":0,"ocean_sidebar":"0","ocean_second_sidebar":"0","ocean_disable_margins":"enable","ocean_add_body_class":"","ocean_shortcode_before_top_bar":"","ocean_shortcode_after_top_bar":"","ocean_shortcode_before_header":"","ocean_shortcode_after_header":"","ocean_has_shortcode":"","ocean_shortcode_after_title":"","ocean_shortcode_before_footer_widgets":"","ocean_shortcode_after_footer_widgets":"","ocean_shortcode_before_footer_bottom":"","ocean_shortcode_after_footer_bottom":"","ocean_display_top_bar":"default","ocean_display_header":"default","ocean_header_style":"","ocean_center_header_left_menu":"0","ocean_custom_header_template":"0","ocean_custom_logo":0,"ocean_custom_retina_logo":0,"ocean_custom_logo_max_width":0,"ocean_custom_logo_tablet_max_width":0,"ocean_custom_logo_mobile_max_width":0,"ocean_custom_logo_max_height":0,"ocean_custom_logo_tablet_max_height":0,"ocean_custom_logo_mobile_max_height":0,"ocean_header_custom_menu":"0","ocean_menu_typo_font_family":"0","ocean_menu_typo_font_subset":"","ocean_menu_typo_font_size":0,"ocean_menu_typo_font_size_tablet":0,"ocean_menu_typo_font_size_mobile":0,"ocean_menu_typo_font_size_unit":"px","ocean_menu_typo_font_weight":"","ocean_menu_typo_font_weight_tablet":"","ocean_menu_typo_font_weight_mobile":"","ocean_menu_typo_transform":"","ocean_menu_typo_transform_tablet":"","ocean_menu_typo_transform_mobile":"","ocean_menu_typo_line_height":0,"ocean_menu_typo_line_height_tablet":0,"ocean_menu_typo_line_height_mobile":0,"ocean_menu_typo_line_height_unit":"","ocean_menu_typo_spacing":0,"ocean_menu_typo_spacing_tablet":0,"ocean_menu_typo_spacing_mobile":0,"ocean_menu_typo_spacing_unit":"","ocean_menu_link_color":"","ocean_menu_link_color_hover":"","ocean_menu_link_color_active":"","ocean_menu_link_background":"","ocean_menu_link_hover_background":"","ocean_menu_link_active_background":"","ocean_menu_social_links_bg":"","ocean_menu_social_hover_links_bg":"","ocean_menu_social_links_color":"","ocean_menu_social_hover_links_color":"","ocean_disable_title":"default","ocean_disable_heading":"default","ocean_post_title":"","ocean_post_subheading":"","ocean_post_title_style":"","ocean_post_title_background_color":"","ocean_post_title_background":0,"ocean_post_title_bg_image_position":"","ocean_post_title_bg_image_attachment":"","ocean_post_title_bg_image_repeat":"","ocean_post_title_bg_image_size":"","ocean_post_title_height":0,"ocean_post_title_bg_overlay":0.5,"ocean_post_title_bg_overlay_color":"","ocean_disable_breadcrumbs":"default","ocean_breadcrumbs_color":"","ocean_breadcrumbs_separator_color":"","ocean_breadcrumbs_links_color":"","ocean_breadcrumbs_links_hover_color":"","ocean_display_footer_widgets":"default","ocean_display_footer_bottom":"default","ocean_custom_footer_template":"0","jetpack_post_was_ever_published":false,"footnotes":""},"class_list":["post-36","page","type-page","status-publish","hentry","entry"],"jetpack_sharing_enabled":true,"jetpack_shortlink":"https:\/\/wp.me\/Paa9hz-A","jetpack-related-posts":[],"_links":{"self":[{"href":"https:\/\/www.hostalrancaguacordillera.com\/web\/wp-json\/wp\/v2\/pages\/36","targetHints":{"allow":["GET"]}}],"collection":[{"href":"https:\/\/www.hostalrancaguacordillera.com\/web\/wp-json\/wp\/v2\/pages"}],"about":[{"href":"https:\/\/www.hostalrancaguacordillera.com\/web\/wp-json\/wp\/v2\/types\/page"}],"author":[{"embeddable":true,"href":"https:\/\/www.hostalrancaguacordillera.com\/web\/wp-json\/wp\/v2\/users\/1"}],"replies":[{"embeddable":true,"href":"https:\/\/www.hostalrancaguacordillera.com\/web\/wp-json\/wp\/v2\/comments?post=36"}],"version-history":[{"count":55,"href":"https:\/\/www.hostalrancaguacordillera.com\/web\/wp-json\/wp\/v2\/pages\/36\/revisions"}],"predecessor-version":[{"id":491,"href":"https:\/\/www.hostalrancaguacordillera.com\/web\/wp-json\/wp\/v2\/pages\/36\/revisions\/491"}],"wp:attachment":[{"href":"https:\/\/www.hostalrancaguacordillera.com\/web\/wp-json\/wp\/v2\/media?parent=36"}],"curies":[{"name":"wp","href":"https:\/\/api.w.org\/{rel}","templated":true}]}}